{"id":22494,"date":"2024-04-03T10:44:21","date_gmt":"2024-04-03T10:44:21","guid":{"rendered":"https:\/\/cosmosan.ch\/?page_id=22494"},"modified":"2025-12-28T09:47:00","modified_gmt":"2025-12-28T09:47:00","slug":"kontakt","status":"publish","type":"page","link":"https:\/\/cosmosan.ch\/es\/kontakt\/","title":{"rendered":"contacto"},"content":{"rendered":"<div data-elementor-type=\"wp-page\" data-elementor-id=\"22494\" class=\"elementor elementor-22494\" data-elementor-post-type=\"page\">\n\t\t\t\t\t\t<section class=\"elementor-section elementor-top-section elementor-element elementor-element-cf1a4b8 elementor-section-height-min-height elementor-section-boxed elementor-section-height-default elementor-section-items-middle sc_fly_static\" data-id=\"cf1a4b8\" data-element_type=\"section\" data-settings=\"{&quot;background_background&quot;:&quot;classic&quot;}\">\n\t\t\t\t\t\t<div class=\"elementor-container elementor-column-gap-extended\">\n\t\t\t\t\t<div class=\"elementor-column elementor-col-100 elementor-top-column elementor-element elementor-element-f40c059 sc_inner_width_none sc_content_align_inherit sc_layouts_column_icons_position_left sc_fly_static\" data-id=\"f40c059\" data-element_type=\"column\">\n\t\t\t<div class=\"elementor-widget-wrap\">\n\t\t\t\t\t\t\t<\/div>\n\t\t<\/div>\n\t\t\t\t\t<\/div>\n\t\t<\/section>\n\t\t\t\t<section class=\"elementor-section elementor-top-section elementor-element elementor-element-30feccc scheme_light elementor-section-boxed elementor-section-height-default elementor-section-height-default sc_fly_static\" data-id=\"30feccc\" data-element_type=\"section\" data-settings=\"{&quot;background_background&quot;:&quot;classic&quot;}\">\n\t\t\t\t\t\t<div class=\"elementor-container elementor-column-gap-extended\">\n\t\t\t\t\t<div class=\"elementor-column elementor-col-100 elementor-top-column elementor-element elementor-element-3926f3ea sc_inner_width_none sc_content_align_inherit sc_layouts_column_icons_position_left sc_fly_static\" data-id=\"3926f3ea\" data-element_type=\"column\">\n\t\t\t<div class=\"elementor-widget-wrap elementor-element-populated\">\n\t\t\t\t\t\t<div class=\"elementor-element elementor-element-92c10ec sc_fly_static elementor-widget elementor-widget-image\" data-id=\"92c10ec\" data-element_type=\"widget\" data-widget_type=\"image.default\">\n\t\t\t\t<div class=\"elementor-widget-container\">\n\t\t\t<style>\/*! elementor - v3.23.0 - 05-08-2024 *\/\n.elementor-widget-image{text-align:center}.elementor-widget-image a{display:inline-block}.elementor-widget-image a img[src$=\".svg\"]{width:48px}.elementor-widget-image img{vertical-align:middle;display:inline-block}<\/style>\t\t\t\t\t\t\t\t\t\t<img fetchpriority=\"high\" decoding=\"async\" width=\"500\" height=\"500\" src=\"https:\/\/cosmosan.ch\/wp-content\/uploads\/2025\/04\/20-jahre-cosmosan-andrea-merten.png\" class=\"attachment-large size-large wp-image-29089\" alt=\"20 jahre cosmosan - andrea merten\" srcset=\"https:\/\/cosmosan.ch\/wp-content\/uploads\/2025\/04\/20-jahre-cosmosan-andrea-merten.png 500w, https:\/\/cosmosan.ch\/wp-content\/uploads\/2025\/04\/20-jahre-cosmosan-andrea-merten-300x300.png 300w, https:\/\/cosmosan.ch\/wp-content\/uploads\/2025\/04\/20-jahre-cosmosan-andrea-merten-150x150.png 150w, https:\/\/cosmosan.ch\/wp-content\/uploads\/2025\/04\/20-jahre-cosmosan-andrea-merten-12x12.png 12w, https:\/\/cosmosan.ch\/wp-content\/uploads\/2025\/04\/20-jahre-cosmosan-andrea-merten-370x370.png 370w, https:\/\/cosmosan.ch\/wp-content\/uploads\/2025\/04\/20-jahre-cosmosan-andrea-merten-120x120.png 120w, https:\/\/cosmosan.ch\/wp-content\/uploads\/2025\/04\/20-jahre-cosmosan-andrea-merten-410x410.png 410w\" sizes=\"(max-width: 600px) 100vw, 500px\" title=\"\">\t\t\t\t\t\t\t\t\t\t\t\t\t<\/div>\n\t\t\t\t<\/div>\n\t\t\t\t<section class=\"elementor-section elementor-inner-section elementor-element elementor-element-4a60da0 elementor-section-boxed elementor-section-height-default elementor-section-height-default sc_fly_static\" data-id=\"4a60da0\" data-element_type=\"section\">\n\t\t\t\t\t\t<div class=\"elementor-container elementor-column-gap-no\">\n\t\t\t\t\t<div class=\"elementor-column elementor-col-50 elementor-inner-column elementor-element elementor-element-89ea2bd sc_inner_width_none sc_content_align_inherit sc_layouts_column_icons_position_left sc_fly_static\" data-id=\"89ea2bd\" data-element_type=\"column\">\n\t\t\t<div class=\"elementor-widget-wrap elementor-element-populated\">\n\t\t\t\t\t\t<div class=\"elementor-element elementor-element-340b28bc sc_fly_static elementor-widget elementor-widget-trx_sc_title\" data-id=\"340b28bc\" data-element_type=\"widget\" data-widget_type=\"trx_sc_title.default\">\n\t\t\t\t<div class=\"elementor-widget-container\">\n\t\t\t<div\t\tclass=\"sc_title sc_title_default\" ><span class=\"sc_item_subtitle sc_title_subtitle sc_item_subtitle_above sc_item_title_style_default\">contacto &amp; citas<\/span><h1 class=\"sc_item_title sc_title_title sc_item_title_style_default sc_item_title_tag\"\n\t\t\t><span class=\"sc_item_title_text\">en el coraz\u00f3n del distrito de seefeld<\/span><\/h1><div class=\"sc_item_descr sc_title_descr\"><p>la consulta est\u00e1 situada en el coraz\u00f3n del distrito de seefeld, en la preciosa calle dufourstrasse 169, y es f\u00e1cilmente accesible con los tranv\u00edas n.\u00ba 11 y 15 y el autobus n.\u00ba 33 hasta la estaci\u00f3n de fr\u00f6hlichstrasse y un breve paseo de 3 minutos. para los pacientes que lleguen en coche, tambi\u00e9n hay una plaza de aparcamiento para coches peque\u00f1os justo al lado de la puerta principal.<\/p>\n<\/div><\/div>\t\t<\/div>\n\t\t\t\t<\/div>\n\t\t\t\t<div class=\"elementor-element elementor-element-4b2f01e sc_height_small sc_fly_static elementor-widget elementor-widget-spacer\" data-id=\"4b2f01e\" data-element_type=\"widget\" data-widget_type=\"spacer.default\">\n\t\t\t\t<div class=\"elementor-widget-container\">\n\t\t\t<style>\/*! elementor - v3.23.0 - 05-08-2024 *\/\n.elementor-column .elementor-spacer-inner{height:var(--spacer-size)}.e-con{--container-widget-width:100%}.e-con-inner>.elementor-widget-spacer,.e-con>.elementor-widget-spacer{width:var(--container-widget-width,var(--spacer-size));--align-self:var(--container-widget-align-self,initial);--flex-shrink:0}.e-con-inner>.elementor-widget-spacer>.elementor-widget-container,.e-con>.elementor-widget-spacer>.elementor-widget-container{height:100%;width:100%}.e-con-inner>.elementor-widget-spacer>.elementor-widget-container>.elementor-spacer,.e-con>.elementor-widget-spacer>.elementor-widget-container>.elementor-spacer{height:100%}.e-con-inner>.elementor-widget-spacer>.elementor-widget-container>.elementor-spacer>.elementor-spacer-inner,.e-con>.elementor-widget-spacer>.elementor-widget-container>.elementor-spacer>.elementor-spacer-inner{height:var(--container-widget-height,var(--spacer-size))}.e-con-inner>.elementor-widget-spacer.elementor-widget-empty,.e-con>.elementor-widget-spacer.elementor-widget-empty{position:relative;min-height:22px;min-width:22px}.e-con-inner>.elementor-widget-spacer.elementor-widget-empty .elementor-widget-empty-icon,.e-con>.elementor-widget-spacer.elementor-widget-empty .elementor-widget-empty-icon{position:absolute;top:0;bottom:0;left:0;right:0;margin:auto;padding:0;width:22px;height:22px}<\/style>\t\t<div class=\"elementor-spacer\">\n\t\t\t<div class=\"elementor-spacer-inner\"><\/div>\n\t\t<\/div>\n\t\t\t\t<\/div>\n\t\t\t\t<\/div>\n\t\t\t\t<div class=\"elementor-element elementor-element-eac19fc sc_fly_static elementor-widget elementor-widget-trx_sc_icons\" data-id=\"eac19fc\" data-element_type=\"widget\" data-widget_type=\"trx_sc_icons.default\">\n\t\t\t\t<div class=\"elementor-widget-container\">\n\t\t\t<div \tclass=\"sc_icons sc_icons_simple sc_icons_size_small sc_align_none\" ><div class=\"sc_icons_item with_more\"><div class=\"sc_icons_icon sc_icon_type_ icon-marker\" style=\"color: #A87252\" ><span class=\"sc_icon_type_ icon-marker\" style=\"color: #A87252\"><\/span><\/div><div class=\"sc_icons_item_details\"><div class=\"sc_icons_item_description\"><span>cosmosan consultorio para mtc &amp; acupuntura z\u00farich<\/span><span>dufourstrasse 169<\/span><span>8008 z\u00fcrich<\/span><\/div><\/div><\/div><\/div><!-- \/.sc_icons -->\t\t<\/div>\n\t\t\t\t<\/div>\n\t\t\t\t<div class=\"elementor-element elementor-element-ba535cb sc_height_small sc_fly_static elementor-widget elementor-widget-spacer\" data-id=\"ba535cb\" data-element_type=\"widget\" data-widget_type=\"spacer.default\">\n\t\t\t\t<div class=\"elementor-widget-container\">\n\t\t\t\t\t<div class=\"elementor-spacer\">\n\t\t\t<div class=\"elementor-spacer-inner\"><\/div>\n\t\t<\/div>\n\t\t\t\t<\/div>\n\t\t\t\t<\/div>\n\t\t\t\t<div class=\"elementor-element elementor-element-97af93c sc_fly_static elementor-widget elementor-widget-trx_sc_icons\" data-id=\"97af93c\" data-element_type=\"widget\" data-widget_type=\"trx_sc_icons.default\">\n\t\t\t\t<div class=\"elementor-widget-container\">\n\t\t\t<div \tclass=\"sc_icons sc_icons_simple sc_icons_size_small sc_align_none\" ><div class=\"sc_icons_item with_more\"><div class=\"sc_icons_icon sc_icon_type_ icon-clock-1\" style=\"color: #A87252\" ><span class=\"sc_icon_type_ icon-clock-1\" style=\"color: #A87252\"><\/span><\/div><div class=\"sc_icons_item_details\"><div class=\"sc_icons_item_description\"><span>lun - juev 9 - 18.30 horas<\/span><span>si no puede venir, por favor cancele la cita con al menos 24 horas de antelaci\u00f3n para no tener que cobrarla. gracias por su comprensi\u00f3n.<\/span><\/div><\/div><\/div><\/div><!-- \/.sc_icons -->\t\t<\/div>\n\t\t\t\t<\/div>\n\t\t\t\t<div class=\"elementor-element elementor-element-7f63386 sc_height_small sc_fly_static elementor-widget elementor-widget-spacer\" data-id=\"7f63386\" data-element_type=\"widget\" data-widget_type=\"spacer.default\">\n\t\t\t\t<div class=\"elementor-widget-container\">\n\t\t\t\t\t<div class=\"elementor-spacer\">\n\t\t\t<div class=\"elementor-spacer-inner\"><\/div>\n\t\t<\/div>\n\t\t\t\t<\/div>\n\t\t\t\t<\/div>\n\t\t\t\t<div class=\"elementor-element elementor-element-f4928db sc_fly_static elementor-widget elementor-widget-trx_sc_icons\" data-id=\"f4928db\" data-element_type=\"widget\" data-widget_type=\"trx_sc_icons.default\">\n\t\t\t\t<div class=\"elementor-widget-container\">\n\t\t\t<div \tclass=\"sc_icons sc_icons_simple sc_icons_size_small sc_align_none\" ><div class=\"sc_icons_item sc_icons_item_linked with_more\"><div class=\"sc_icons_icon sc_icon_type_ icon-iphone\" style=\"color: #A87252\" ><span class=\"sc_icon_type_ icon-iphone\" style=\"color: #A87252\"><\/span><\/div><div class=\"sc_icons_item_details\"><a href=\"tel: 41 79 435 89 19\" class=\"sc_icons_item_more_link\">\n                        <span class=\"link_text\">+41 79 435 89 19<\/span><span class=\"link_icon\"><\/span>\n                        <\/a><a href=\"tel: 41 79 435 89 19\"\n                        class=\"sc_icons_item_link\">\n                        <\/a><\/div><\/div><\/div><!-- \/.sc_icons -->\t\t<\/div>\n\t\t\t\t<\/div>\n\t\t\t\t<div class=\"elementor-element elementor-element-be51eab sc_height_small sc_fly_static elementor-widget elementor-widget-spacer\" data-id=\"be51eab\" data-element_type=\"widget\" data-widget_type=\"spacer.default\">\n\t\t\t\t<div class=\"elementor-widget-container\">\n\t\t\t\t\t<div class=\"elementor-spacer\">\n\t\t\t<div class=\"elementor-spacer-inner\"><\/div>\n\t\t<\/div>\n\t\t\t\t<\/div>\n\t\t\t\t<\/div>\n\t\t\t\t<div class=\"elementor-element elementor-element-ddbdd41 sc_fly_static elementor-widget elementor-widget-trx_sc_icons\" data-id=\"ddbdd41\" data-element_type=\"widget\" data-widget_type=\"trx_sc_icons.default\">\n\t\t\t\t<div class=\"elementor-widget-container\">\n\t\t\t<div \tclass=\"sc_icons sc_icons_simple sc_icons_size_small sc_align_none\" ><div class=\"sc_icons_item with_more\"><div class=\"sc_icons_icon sc_icon_type_ icon-envelope-2\" style=\"color: #A87252\" ><span class=\"sc_icon_type_ icon-envelope-2\" style=\"color: #A87252\"><\/span><\/div><div class=\"sc_icons_item_details\"><div class=\"sc_icons_item_description\"><span><a href=\"mailto:info@cosmosan.ch\">info@cosmosan.ch<\/a><\/span><\/div><\/div><\/div><\/div><!-- \/.sc_icons -->\t\t<\/div>\n\t\t\t\t<\/div>\n\t\t\t\t<div class=\"elementor-element elementor-element-7b149d8 sc_height_small sc_fly_static elementor-widget elementor-widget-spacer\" data-id=\"7b149d8\" data-element_type=\"widget\" data-widget_type=\"spacer.default\">\n\t\t\t\t<div class=\"elementor-widget-container\">\n\t\t\t\t\t<div class=\"elementor-spacer\">\n\t\t\t<div class=\"elementor-spacer-inner\"><\/div>\n\t\t<\/div>\n\t\t\t\t<\/div>\n\t\t\t\t<\/div>\n\t\t\t\t<div class=\"elementor-element elementor-element-2f88a4d scheme_default sc_fly_static elementor-widget elementor-widget-trx_sc_button\" data-id=\"2f88a4d\" data-element_type=\"widget\" data-widget_type=\"trx_sc_button.default\">\n\t\t\t\t<div class=\"elementor-widget-container\">\n\t\t\t<div\tclass=\"sc_item_button sc_button_wrap sc_align_left\" ><a href=\"https:\/\/booking.localsearch.ch\/bookings\/cosmosan-praxis-fur-traditionelle-chinesische-medizin\/services?locale=de-CH\" class=\"sc_button sc_button_hover sc_button_size_normal sc_button_icon_left color_style_link2\" target=\"_blank\" rel=\"noopener\"><span class=\"sc_button_text\"><span class=\"sc_button_title\">pedir una cita<\/span><\/span><\/a><\/div>\t\t<\/div>\n\t\t\t\t<\/div>\n\t\t\t\t\t<\/div>\n\t\t<\/div>\n\t\t\t\t<div class=\"elementor-column elementor-col-50 elementor-inner-column elementor-element elementor-element-fa054bc sc_inner_width_none sc_content_align_inherit sc_layouts_column_icons_position_left sc_fly_static\" data-id=\"fa054bc\" data-element_type=\"column\">\n\t\t\t<div class=\"elementor-widget-wrap elementor-element-populated\">\n\t\t\t\t\t\t<div class=\"elementor-element elementor-element-60b84651 sc_height_medium sc_fly_static elementor-widget elementor-widget-spacer\" data-id=\"60b84651\" data-element_type=\"widget\" data-widget_type=\"spacer.default\">\n\t\t\t\t<div class=\"elementor-widget-container\">\n\t\t\t\t\t<div class=\"elementor-spacer\">\n\t\t\t<div class=\"elementor-spacer-inner\"><\/div>\n\t\t<\/div>\n\t\t\t\t<\/div>\n\t\t\t\t<\/div>\n\t\t\t\t<div class=\"elementor-element elementor-element-7a91724 sc_fly_static elementor-widget elementor-widget-trx_sc_googlemap\" data-id=\"7a91724\" data-element_type=\"widget\" data-widget_type=\"trx_sc_googlemap.default\">\n\t\t\t\t<div class=\"elementor-widget-container\">\n\t\t\t<div id=\"sc_googlemap_910558293_wrap\" class=\"sc_googlemap_wrap\"><div id=\"sc_googlemap_910558293\"\t\t\tclass=\"sc_item_content sc_map sc_googlemap sc_googlemap_default trx_addons_inline_481663499\"\n\t\t\t \t\t\tdata-zoom=\"12\"\n\t\t\tdata-center=\"\"\n\t\t\tdata-style=\"extra\"\n\t\t\tdata-cluster-icon=\"\"\n\t\t\t><iframe\n\t\t\t\t\t\tsrc=\"https:\/\/maps.google.com\/maps?t=m&output=embed&iwloc=near&z=12&q=cosmosan+praxis+f%C3%BCr+traditionelle+chinesische+medizin\"\n\t\t\t\t\t\taria-label=\"\"><\/iframe><\/div><\/div>\t\t<\/div>\n\t\t\t\t<\/div>\n\t\t\t\t<div class=\"elementor-element elementor-element-6955db1 sc_height_tiny sc_fly_static elementor-widget elementor-widget-spacer\" data-id=\"6955db1\" data-element_type=\"widget\" data-widget_type=\"spacer.default\">\n\t\t\t\t<div class=\"elementor-widget-container\">\n\t\t\t\t\t<div class=\"elementor-spacer\">\n\t\t\t<div class=\"elementor-spacer-inner\"><\/div>\n\t\t<\/div>\n\t\t\t\t<\/div>\n\t\t\t\t<\/div>\n\t\t\t\t<div class=\"elementor-element elementor-element-b26f286 elementor-widget-mobile__width-initial elementor-widget__width-initial sc_fly_static elementor-widget elementor-widget-html\" data-id=\"b26f286\" data-element_type=\"widget\" data-widget_type=\"html.default\">\n\t\t\t\t<div class=\"elementor-widget-container\">\n\t\t\t<iframe src=\"https:\/\/www.google.com\/maps\/embed?pb=!4v1763793170601!6m8!1m7!1sCAoSHENJQUJJaENqTVo0TE9ock13VzBVMWZoVHlwenM.!2m2!1d47.35458385370571!2d8.555495543008963!3f120.6348929939603!4f-7.427422292722298!5f0.7820865974627469\" width=\"600\" height=\"450\" style=\"border:0;\" allowfullscreen=\"\" loading=\"lazy\" referrerpolicy=\"no-referrer-when-downgrade\"><\/iframe>\t\t<\/div>\n\t\t\t\t<\/div>\n\t\t\t\t<div class=\"elementor-element elementor-element-11e0703d sc_height_medium sc_fly_static elementor-widget elementor-widget-spacer\" data-id=\"11e0703d\" data-element_type=\"widget\" data-widget_type=\"spacer.default\">\n\t\t\t\t<div class=\"elementor-widget-container\">\n\t\t\t\t\t<div class=\"elementor-spacer\">\n\t\t\t<div class=\"elementor-spacer-inner\"><\/div>\n\t\t<\/div>\n\t\t\t\t<\/div>\n\t\t\t\t<\/div>\n\t\t\t\t<div class=\"elementor-element elementor-element-5f8ee9fd sc_fly_static elementor-widget elementor-widget-spacer\" data-id=\"5f8ee9fd\" data-element_type=\"widget\" data-widget_type=\"spacer.default\">\n\t\t\t\t<div class=\"elementor-widget-container\">\n\t\t\t\t\t<div class=\"elementor-spacer\">\n\t\t\t<div class=\"elementor-spacer-inner\"><\/div>\n\t\t<\/div>\n\t\t\t\t<\/div>\n\t\t\t\t<\/div>\n\t\t\t\t\t<\/div>\n\t\t<\/div>\n\t\t\t\t\t<\/div>\n\t\t<\/section>\n\t\t\t\t<div class=\"elementor-element elementor-element-5e95c18 sc_height_medium sc_fly_static elementor-widget elementor-widget-spacer\" data-id=\"5e95c18\" data-element_type=\"widget\" data-widget_type=\"spacer.default\">\n\t\t\t\t<div class=\"elementor-widget-container\">\n\t\t\t\t\t<div class=\"elementor-spacer\">\n\t\t\t<div class=\"elementor-spacer-inner\"><\/div>\n\t\t<\/div>\n\t\t\t\t<\/div>\n\t\t\t\t<\/div>\n\t\t\t\t\t<\/div>\n\t\t<\/div>\n\t\t\t\t\t<\/div>\n\t\t<\/section>\n\t\t\t\t<\/div>","protected":false},"excerpt":{"rendered":"<p>gut zu wissen kontakt &amp; termine im herzen des seefelds die praxis liegt im herzen&hellip;<\/p>","protected":false},"author":1,"featured_media":29322,"parent":0,"menu_order":0,"comment_status":"closed","ping_status":"closed","template":"","meta":{"footnotes":""},"class_list":["post-22494","page","type-page","status-publish","has-post-thumbnail","hentry"],"_links":{"self":[{"href":"https:\/\/cosmosan.ch\/es\/wp-json\/wp\/v2\/pages\/22494"}],"collection":[{"href":"https:\/\/cosmosan.ch\/es\/wp-json\/wp\/v2\/pages"}],"about":[{"href":"https:\/\/cosmosan.ch\/es\/wp-json\/wp\/v2\/types\/page"}],"author":[{"embeddable":true,"href":"https:\/\/cosmosan.ch\/es\/wp-json\/wp\/v2\/users\/1"}],"replies":[{"embeddable":true,"href":"https:\/\/cosmosan.ch\/es\/wp-json\/wp\/v2\/comments?post=22494"}],"version-history":[{"count":101,"href":"https:\/\/cosmosan.ch\/es\/wp-json\/wp\/v2\/pages\/22494\/revisions"}],"predecessor-version":[{"id":30200,"href":"https:\/\/cosmosan.ch\/es\/wp-json\/wp\/v2\/pages\/22494\/revisions\/30200"}],"wp:featuredmedia":[{"embeddable":true,"href":"https:\/\/cosmosan.ch\/es\/wp-json\/wp\/v2\/media\/29322"}],"wp:attachment":[{"href":"https:\/\/cosmosan.ch\/es\/wp-json\/wp\/v2\/media?parent=22494"}],"curies":[{"name":"wp","href":"https:\/\/api.w.org\/{rel}","templated":true}]}}